{"id":722,"date":"2024-05-09T15:05:26","date_gmt":"2024-05-09T15:05:26","guid":{"rendered":"https:\/\/globalchallenges2024.mruni.eu\/?page_id=722"},"modified":"2024-05-22T11:41:37","modified_gmt":"2024-05-22T11:41:37","slug":"session-c-legal-and-economical-chalenges","status":"publish","type":"page","link":"https:\/\/globalchallenges2024.mruni.eu\/?page_id=722","title":{"rendered":"Session C \u2013 Legal and Economical Chalenges"},"content":{"rendered":"<h4>Starts at 12:45 PM (Vilnius Time, Lithuania)<\/h4>\n<h4><em><a href=\"https:\/\/teams.microsoft.com\/l\/meetup-join\/19%3ameeting_YWFhNDgyMTMtNjMxNy00YTgxLWEyZTEtYzBlNGUxMWI2MmRj%40thread.v2\/0?context=%7b%22Tid%22%3a%22a0c67348-7aaf-4140-9c5a-3a2e06bf0f0d%22%2c%22Oid%22%3a%22a51d18dd-56dc-45c6-ad9d-98b8634e0f67%22%7d\">MS Teams meeting for Sesion C link<\/a><\/em><\/h4>\n<h4><strong>Chair: <\/strong>Gediminas KAZ\u0116NAS, Rafa\u0142 LIZUT<\/h4>\n<h4 style=\"text-align: center;\"><span style=\"color: #993366;\"><strong>Topics and Participants<\/strong><\/span><\/h4>\n<p><strong>The Truth of Law and the Protection of Freedom. Start from the Fundamentals<\/strong><br \/>\n<em>Francesca Lole GAROFOLI, University of Bari Aldo Moro, <strong>Italy <\/strong><\/em><\/p>\n<p><strong>Metaverse, Value Creation and Taxation<\/strong><br \/>\n<em>Salvatore Antonello PARENTE, University of Bari Aldo Moro, <strong>Italy <\/strong><\/em><\/p>\n<p><strong>Investigation of Internal Control Efficiency of Administrative and Financial Affairs Department in State Universities<\/strong><br \/>\n<em>Cemil \u0130NAN, Mehmet \u00d6ZT\u00dcRK, Mardin Artuklu University, <strong>T\u00fcrkiye<\/strong><\/em><\/p>\n<p><strong>Challenges of Skills Development and Employment diversification in Africa: an overview from southern Africa<\/strong><br \/>\n<em>Oabona NTHEBOLANG, Manager &#8211; Research &amp; Innovation, Human Resource Development Council, <strong>Botswana <\/strong><\/em><\/p>\n<p><strong>Navigating the Nexus: Addressing Global Challenges in an Interconnected World<\/strong><br \/>\n<em>Amit M. LATHIGARA, Faculty of Technology, RK University, <strong>India <\/strong><\/em><\/p>\n<p><strong>Political and Legal Aspects of EU-Kazakhstan Cooperation<\/strong><br \/>\n<em>Kinga MACHOWICZ,<\/em> <em>The John Paul II Catholic University of Lublin, <strong>Poland<\/strong><\/em><\/p>\n<p><strong>From Artificial Intelligence to Emotional Artificial Intelligence: State of the Art and New Perspectives<\/strong><br \/>\n<em>Rosa INDELLICATO, Pegaso University, <strong>Italy<\/strong><\/em><\/p>\n<p><strong>Global Challenges in Public Services in The Republic of Kazakhstan: Ways to Overcome<\/strong><br \/>\n<em>Aktore TALGATULY, Public Administration Academy to President of Kazachstan, <strong>Kazachstan<\/strong><\/em><\/p>\n<p><strong>AI Challenge: Battling Computer Viruses with Machine Learning<\/strong><br \/>\n<em>Rafa\u0142 LIZUT, The John Paul II Catholic University of Lublin, Poland, Dnipropetrovsk State University of Internal Affairs, Dnipro, <strong>Ukraine<\/strong><\/em><\/p>\n","protected":false},"excerpt":{"rendered":"<p>Starts at 12:45 PM (Vilnius Time, Lithuania) MS Teams meeting for Sesion C link Chair: Gediminas KAZ\u0116NAS, Rafa\u0142 LIZUT Topics and Participants The Truth of Law and the Protection of Freedom. Start from the Fundamentals Francesca Lole GAROFOLI, University of Bari Aldo Moro, Italy Metaverse, Value Creation and Taxation Salvatore Antonello PARENTE, University of Bari [&hellip;]<\/p>\n","protected":false},"author":13,"featured_media":0,"parent":0,"menu_order":0,"comment_status":"closed","ping_status":"closed","template":"","meta":{"footnotes":""},"_links":{"self":[{"href":"https:\/\/globalchallenges2024.mruni.eu\/index.php?rest_route=\/wp\/v2\/pages\/722"}],"collection":[{"href":"https:\/\/globalchallenges2024.mruni.eu\/index.php?rest_route=\/wp\/v2\/pages"}],"about":[{"href":"https:\/\/globalchallenges2024.mruni.eu\/index.php?rest_route=\/wp\/v2\/types\/page"}],"author":[{"embeddable":true,"href":"https:\/\/globalchallenges2024.mruni.eu\/index.php?rest_route=\/wp\/v2\/users\/13"}],"replies":[{"embeddable":true,"href":"https:\/\/globalchallenges2024.mruni.eu\/index.php?rest_route=%2Fwp%2Fv2%2Fcomments&post=722"}],"version-history":[{"count":8,"href":"https:\/\/globalchallenges2024.mruni.eu\/index.php?rest_route=\/wp\/v2\/pages\/722\/revisions"}],"predecessor-version":[{"id":779,"href":"https:\/\/globalchallenges2024.mruni.eu\/index.php?rest_route=\/wp\/v2\/pages\/722\/revisions\/779"}],"wp:attachment":[{"href":"https:\/\/globalchallenges2024.mruni.eu\/index.php?rest_route=%2Fwp%2Fv2%2Fmedia&parent=722"}],"curies":[{"name":"wp","href":"https:\/\/api.w.org\/{rel}","templated":true}]}}