{"id":715,"date":"2024-05-09T15:03:51","date_gmt":"2024-05-09T15:03:51","guid":{"rendered":"https:\/\/globalchallenges2024.mruni.eu\/?page_id=715"},"modified":"2024-05-22T11:41:00","modified_gmt":"2024-05-22T11:41:00","slug":"session-b-eco-chalenges","status":"publish","type":"page","link":"https:\/\/globalchallenges2024.mruni.eu\/?page_id=715","title":{"rendered":"Session B \u2013 ECO Chalenges"},"content":{"rendered":"<h4>Starts at 12:45 PM (Vilnius Time, Lithuania)<\/h4>\n<h4><em><a href=\"https:\/\/teams.microsoft.com\/l\/meetup-join\/19%3ameeting_ODM0NzJkYmItMTExNi00ZTRlLTg0M2EtZWY5ZTJlYjZmZTgy%40thread.v2\/0?context=%7b%22Tid%22%3a%22a0c67348-7aaf-4140-9c5a-3a2e06bf0f0d%22%2c%22Oid%22%3a%22a51d18dd-56dc-45c6-ad9d-98b8634e0f67%22%7d\">MS Teams meeting for Sesion B link<\/a><\/em><\/h4>\n<h4><strong>Chair: <\/strong>Bartosz J\u00d3\u0179WIK, Vitalii\u00a0LEBEDIUK<\/h4>\n<h4 style=\"text-align: center;\"><span style=\"color: #993366;\"><strong>Topics and Participants<\/strong><\/span><\/h4>\n<p><strong>Modelling Competitiveness under Climate Change. A Regional Perspective<\/strong><br \/>\n<em>Agnieszka KARMAN, Maria Curie-Sklodowska University, <strong>Poland <\/strong><\/em><\/p>\n<p><strong>Africa&#8217;s Sahel and the Question of Climate Change: a Historical Discussion<\/strong><br \/>\n<em>Samuel ANIEGYE NTEWUSU, Institute of African Studies, University of Ghana, <strong>Ghana<\/strong><\/em><\/p>\n<p><strong>Global Warming and Climate Change as A Wicked\u00a0Global Problem<\/strong><br \/>\n<em>H\u00fcseyin G\u00dcL, Ahmet \u00d6ZASLAN,\u00a0 Department of Political Science and Public Administration, S\u00fcleyman Demirel University, <strong>T\u00fcrkiye<\/strong><\/em><\/p>\n<p><strong>Sustainable Management and Carbon Footprint Assessment in the Healthcare Foodservice in Italy<\/strong><br \/>\n<em>Christian BUX, University of Bari Aldo Moro, <strong>Italy<\/strong><\/em><\/p>\n<p><strong>Navigating the Green Wave. Global Insights on Sustainable Development<\/strong><br \/>\n<em>Kinga GALEWSKA,<\/em> <em>The John Paul II Catholic University of Lublin, <strong>Poland<\/strong><\/em><\/p>\n<p><strong>How does Economic Policy Uncertainty Affect CO2 Emissions? An Analysis of the Central European Region&#8217;s Countries.<\/strong><br \/>\n<em>Bartosz J\u00d3\u0179WIK,<\/em> <em>The John Paul II Catholic University of Lublin, Poland, <\/em><br \/>\n<em>Aruna Kumar DASH, Faculty of Social Sciences, IFHE University, Dontanapally, Hyderabad, <strong>India<\/strong><\/em><br \/>\n<em>Phouphet KYOPHILAVONG, National University of Laos, <strong>Laos<\/strong><\/em><\/p>\n<p><strong>The Effect of Economic Freedoms Index Indicators on the Credit Ratings of Newly Industrialised Countries<\/strong><br \/>\n<em>Bahar TA\u015e, Department of Economics and Finance, Bucak Faculty of Business Administration, Burdur Mehmet Akif Ersoy University, <strong>T\u00fcrkiye<\/strong><\/em><\/p>\n<p><strong>Gender Equality in Turkey (service learning project)<br \/>\n<\/strong><em>Serdar \u00d6Z, Istanbul University, Turkiye, Saliha G\u00dcLTA\u015e, Istanbul University, Turkiye, Jing LIU, Yangzte Normal University, China, Yuxin WANG, Yangzte Normal University, China, Bartosz J\u00d3\u0179WIK, The John Paul II Catholic University of Lublin, Bahar TA\u015e, Burdur Mehmet Akif Ersoy University, <strong>T\u00fcrkiye<\/strong><\/em><\/p>\n<p><strong>Exploring Ukraine: A Journey through Conflict and Resilience (service learning project)<br \/>\n<\/strong><em>Klaudia KACPEREK, The John Paul II Catholic University of Lublin, Poland, Yelyzaveta LEVASHOVA, The John Paul II Catholic University of Lublin, Poland, Bernard ZANIEWICZ, The John Paul II Catholic University of Lublin, Poland, BARTOSZ J\u00d3\u0179WIK, The John Paul II Catholic University of Lublin, Poland, <\/em><em>Vitalii LEBEDIUK, National University of Ostroh Academy, Ukraine, Ivan Franko National University of Lviv, Ukraine\u00a0\u00a0<\/em><\/p>\n","protected":false},"excerpt":{"rendered":"<p>Starts at 12:45 PM (Vilnius Time, Lithuania) MS Teams meeting for Sesion B link Chair: Bartosz J\u00d3\u0179WIK, Vitalii\u00a0LEBEDIUK Topics and Participants Modelling Competitiveness under Climate Change. A Regional Perspective Agnieszka KARMAN, Maria Curie-Sklodowska University, Poland Africa&#8217;s Sahel and the Question of Climate Change: a Historical Discussion Samuel ANIEGYE NTEWUSU, Institute of African Studies, University of [&hellip;]<\/p>\n","protected":false},"author":13,"featured_media":0,"parent":0,"menu_order":0,"comment_status":"closed","ping_status":"closed","template":"","meta":{"footnotes":""},"_links":{"self":[{"href":"https:\/\/globalchallenges2024.mruni.eu\/index.php?rest_route=\/wp\/v2\/pages\/715"}],"collection":[{"href":"https:\/\/globalchallenges2024.mruni.eu\/index.php?rest_route=\/wp\/v2\/pages"}],"about":[{"href":"https:\/\/globalchallenges2024.mruni.eu\/index.php?rest_route=\/wp\/v2\/types\/page"}],"author":[{"embeddable":true,"href":"https:\/\/globalchallenges2024.mruni.eu\/index.php?rest_route=\/wp\/v2\/users\/13"}],"replies":[{"embeddable":true,"href":"https:\/\/globalchallenges2024.mruni.eu\/index.php?rest_route=%2Fwp%2Fv2%2Fcomments&post=715"}],"version-history":[{"count":14,"href":"https:\/\/globalchallenges2024.mruni.eu\/index.php?rest_route=\/wp\/v2\/pages\/715\/revisions"}],"predecessor-version":[{"id":778,"href":"https:\/\/globalchallenges2024.mruni.eu\/index.php?rest_route=\/wp\/v2\/pages\/715\/revisions\/778"}],"wp:attachment":[{"href":"https:\/\/globalchallenges2024.mruni.eu\/index.php?rest_route=%2Fwp%2Fv2%2Fmedia&parent=715"}],"curies":[{"name":"wp","href":"https:\/\/api.w.org\/{rel}","templated":true}]}}