{"id":27,"date":"2020-02-07T06:02:22","date_gmt":"2020-02-07T06:02:22","guid":{"rendered":"http:\/\/sustainsecure2020.mruni.eu\/?page_id=27"},"modified":"2024-05-23T16:17:12","modified_gmt":"2024-05-23T16:17:12","slug":"programme","status":"publish","type":"page","link":"https:\/\/globalchallenges2024.mruni.eu\/?page_id=27","title":{"rendered":"Programme"},"content":{"rendered":"<h3 style=\"text-align: center;\"><strong>Welcome speech<\/strong><\/h3>\n<p style=\"text-align: center;\">Bartosz J\u00d3\u0179WIK, Gediminas KAZ\u0116NAS, Rafa\u0142 LIZUT and Tomasz ST\u0118PNIEWSKI<\/p>\n<p>&nbsp;<\/p>\n<p><a href=\"https:\/\/globalchallenges2024.mruni.eu\/?page_id=710\"><strong>Session A \u2013 Political and Security Chalanges<\/strong><\/a><br \/>\n24th May 2024, 11:00 AM (Vilnius Time, Lithuania)<br \/>\n<em><a href=\"https:\/\/teams.microsoft.com\/l\/meetup-join\/19%3ameeting_ODM0NzJkYmItMTExNi00ZTRlLTg0M2EtZWY5ZTJlYjZmZTgy%40thread.v2\/0?context=%7b%22Tid%22%3a%22a0c67348-7aaf-4140-9c5a-3a2e06bf0f0d%22%2c%22Oid%22%3a%22a51d18dd-56dc-45c6-ad9d-98b8634e0f67%22%7d\">MS Teams meeting for Sesion A link<\/a><\/em><br \/>\n<strong>Chairs: <\/strong>Gediminas KAZ\u0116NAS, Tomasz ST\u0118PNIEWSKI<\/p>\n<p>&nbsp;<\/p>\n<p><a href=\"https:\/\/globalchallenges2024.mruni.eu\/?page_id=715\"><strong>Session B \u2013 ECO Chalenges<\/strong><\/a><br \/>\n24th May 2024, 12:45 PM (Vilnius Time, Lithuania)<br \/>\n<em><a href=\"https:\/\/teams.microsoft.com\/l\/meetup-join\/19%3ameeting_ODM0NzJkYmItMTExNi00ZTRlLTg0M2EtZWY5ZTJlYjZmZTgy%40thread.v2\/0?context=%7b%22Tid%22%3a%22a0c67348-7aaf-4140-9c5a-3a2e06bf0f0d%22%2c%22Oid%22%3a%22a51d18dd-56dc-45c6-ad9d-98b8634e0f67%22%7d\">MS Teams meeting for Sesion B link<\/a><\/em><br \/>\n<strong>Chair: <\/strong>Bartosz J\u00d3\u0179WIK, Vitalii\u00a0LEBEDIUK<\/p>\n<p>&nbsp;<\/p>\n<p><a href=\"https:\/\/globalchallenges2024.mruni.eu\/?page_id=722\"><strong>Session C \u2013 Legal and Economical Chalenges<\/strong><\/a><br \/>\n24th May 2024, 12:45 PM (Vilnius Time, Lithuania)<br \/>\n<em><a href=\"https:\/\/teams.microsoft.com\/l\/meetup-join\/19%3ameeting_YWFhNDgyMTMtNjMxNy00YTgxLWEyZTEtYzBlNGUxMWI2MmRj%40thread.v2\/0?context=%7b%22Tid%22%3a%22a0c67348-7aaf-4140-9c5a-3a2e06bf0f0d%22%2c%22Oid%22%3a%22a51d18dd-56dc-45c6-ad9d-98b8634e0f67%22%7d\">MS Teams meeting for Sesion C link<\/a><\/em><br \/>\n<strong>Chair: <\/strong>Gediminas KAZ\u0116NAS, Rafa\u0142 LIZUT<\/p>\n","protected":false},"excerpt":{"rendered":"<p>Welcome speech Bartosz J\u00d3\u0179WIK, Gediminas KAZ\u0116NAS, Rafa\u0142 LIZUT and Tomasz ST\u0118PNIEWSKI &nbsp; Session A \u2013 Political and Security Chalanges 24th May 2024, 11:00 AM (Vilnius Time, Lithuania) MS Teams meeting for Sesion A link Chairs: Gediminas KAZ\u0116NAS, Tomasz ST\u0118PNIEWSKI &nbsp; Session B \u2013 ECO Chalenges 24th May 2024, 12:45 PM (Vilnius Time, Lithuania) MS Teams [&hellip;]<\/p>\n","protected":false},"author":1,"featured_media":0,"parent":0,"menu_order":0,"comment_status":"closed","ping_status":"closed","template":"","meta":{"footnotes":""},"_links":{"self":[{"href":"https:\/\/globalchallenges2024.mruni.eu\/index.php?rest_route=\/wp\/v2\/pages\/27"}],"collection":[{"href":"https:\/\/globalchallenges2024.mruni.eu\/index.php?rest_route=\/wp\/v2\/pages"}],"about":[{"href":"https:\/\/globalchallenges2024.mruni.eu\/index.php?rest_route=\/wp\/v2\/types\/page"}],"author":[{"embeddable":true,"href":"https:\/\/globalchallenges2024.mruni.eu\/index.php?rest_route=\/wp\/v2\/users\/1"}],"replies":[{"embeddable":true,"href":"https:\/\/globalchallenges2024.mruni.eu\/index.php?rest_route=%2Fwp%2Fv2%2Fcomments&post=27"}],"version-history":[{"count":93,"href":"https:\/\/globalchallenges2024.mruni.eu\/index.php?rest_route=\/wp\/v2\/pages\/27\/revisions"}],"predecessor-version":[{"id":781,"href":"https:\/\/globalchallenges2024.mruni.eu\/index.php?rest_route=\/wp\/v2\/pages\/27\/revisions\/781"}],"wp:attachment":[{"href":"https:\/\/globalchallenges2024.mruni.eu\/index.php?rest_route=%2Fwp%2Fv2%2Fmedia&parent=27"}],"curies":[{"name":"wp","href":"https:\/\/api.w.org\/{rel}","templated":true}]}}