{"id":21,"date":"2020-02-07T06:00:34","date_gmt":"2020-02-07T06:00:34","guid":{"rendered":"http:\/\/sustainsecure2020.mruni.eu\/?page_id=21"},"modified":"2024-05-09T18:08:13","modified_gmt":"2024-05-09T18:08:13","slug":"organizing-committee","status":"publish","type":"page","link":"https:\/\/globalchallenges2024.mruni.eu\/?page_id=21","title":{"rendered":"Organizing Committee"},"content":{"rendered":"<p><strong>Gediminas Kaz\u0117nas<\/strong>, PhD, Mykolas Romeris University, Lithuania<\/p>\n<p><strong>Prof. Bartosz J\u00f3\u017awik<\/strong>, PhD,\u00a0The John Paul II Catholic University of Lublin, Poland<\/p>\n<p><strong>Prof. Tomasz St\u0119pniewski<\/strong>, PhD,\u00a0The John Paul II Catholic University of Lublin, Poland<\/p>\n<p><strong>Prof. Birut\u0117 Mockevi\u010dien\u0117<\/strong>, PhD, Mykolas Romeris University, Lithuania<\/p>\n<p><strong>Prof. Algis Krupavi\u010dius<\/strong>, PhD, Mykolas Romeris University, Lithuania<\/p>\n<p><strong>Prof. Rafa\u0142 Lizut<\/strong>, PhD,\u00a0The John Paul II Catholic University of Lublin, Poland<\/p>\n","protected":false},"excerpt":{"rendered":"<p>Gediminas Kaz\u0117nas, PhD, Mykolas Romeris University, Lithuania Prof. Bartosz J\u00f3\u017awik, PhD,\u00a0The John Paul II Catholic University of Lublin, Poland Prof. Tomasz St\u0119pniewski, PhD,\u00a0The John Paul II Catholic University of Lublin, Poland Prof. Birut\u0117 Mockevi\u010dien\u0117, PhD, Mykolas Romeris University, Lithuania Prof. Algis Krupavi\u010dius, PhD, Mykolas Romeris University, Lithuania Prof. Rafa\u0142 Lizut, PhD,\u00a0The John Paul II Catholic [&hellip;]<\/p>\n","protected":false},"author":1,"featured_media":0,"parent":0,"menu_order":0,"comment_status":"closed","ping_status":"closed","template":"","meta":{"footnotes":""},"_links":{"self":[{"href":"https:\/\/globalchallenges2024.mruni.eu\/index.php?rest_route=\/wp\/v2\/pages\/21"}],"collection":[{"href":"https:\/\/globalchallenges2024.mruni.eu\/index.php?rest_route=\/wp\/v2\/pages"}],"about":[{"href":"https:\/\/globalchallenges2024.mruni.eu\/index.php?rest_route=\/wp\/v2\/types\/page"}],"author":[{"embeddable":true,"href":"https:\/\/globalchallenges2024.mruni.eu\/index.php?rest_route=\/wp\/v2\/users\/1"}],"replies":[{"embeddable":true,"href":"https:\/\/globalchallenges2024.mruni.eu\/index.php?rest_route=%2Fwp%2Fv2%2Fcomments&post=21"}],"version-history":[{"count":30,"href":"https:\/\/globalchallenges2024.mruni.eu\/index.php?rest_route=\/wp\/v2\/pages\/21\/revisions"}],"predecessor-version":[{"id":753,"href":"https:\/\/globalchallenges2024.mruni.eu\/index.php?rest_route=\/wp\/v2\/pages\/21\/revisions\/753"}],"wp:attachment":[{"href":"https:\/\/globalchallenges2024.mruni.eu\/index.php?rest_route=%2Fwp%2Fv2%2Fmedia&parent=21"}],"curies":[{"name":"wp","href":"https:\/\/api.w.org\/{rel}","templated":true}]}}